{"id":67,"date":"2023-11-11T09:13:46","date_gmt":"2023-11-11T08:13:46","guid":{"rendered":"http:\/\/80.211.238.222\/wwwtacafile\/wp\/?page_id=67"},"modified":"2023-12-01T17:54:51","modified_gmt":"2023-12-01T16:54:51","slug":"ex-asilo-clelia-ferrua-poi-tacafile","status":"publish","type":"page","link":"https:\/\/www.tacafile.it\/wp\/?page_id=67","title":{"rendered":"Da ex asilo Clelia Ferrua a Tacafile: i progetti"},"content":{"rendered":"\n<h2 class=\"wp-block-heading\"><strong>2010&nbsp;<\/strong><\/h2>\n\n\n\n<p>\u27a2 \u00a0 A ottobre organizza gli eventi correlati al <strong>Centro Rete Biellese Archivi Tessili e Moda<\/strong> <a href=\"http:\/\/www.archivitessili.biella.it\/\">(www.archivitessili.biella.it)<\/a>, in particolare\u00a0<\/p>\n\n\n\n<p><strong>il convegno internazionale<\/strong> <em>Memorie in Movimento<\/em> (con i pi\u00f9 grandi nomi della moda, visibile integralmente sul sito <a href=\"https:\/\/www.archivitessili.biella.it\/\">https:\/\/www.archivitessili.biella.it\u00a0<\/a> <\/p>\n\n\n\n<p><strong>l\u2019educational<\/strong> di due giorni tra le fabbriche e i Musei d\u2019impresa biellesi<\/p>\n\n\n\n<p><strong>la mostra<\/strong> <em>I tessuti sfilano Biella in passerella <\/em>visibile su<em> <\/em>&nbsp;<a href=\"https:\/\/www.archivitessili.biella.it\/\">https:\/\/www.archivitessili.biella.it <\/a>per conto di Provincia di Biella &#8211; Assessorato Turismo, Manifestazioni, Cultura, Istruzione, Universit\u00e0 e Pari opportunit\u00e0.&nbsp;<\/p>\n\n\n\n<p>Cura, in particolare, contatti e formalizzazione degli inviti e allestimento\/smontaggio mostra, comunicazione, grafica, riprese fotografiche, apertura mostra con visite guidate, catering di prodotti biellesi.&nbsp;&nbsp;<\/p>\n\n\n\n<h2 class=\"wp-block-heading\"><strong>2011 e 2012&nbsp;<\/strong><\/h2>\n\n\n\n<p>\u27a2 Da gennaio a dicembre, svolge attivit\u00e0 di divulgazione del tessile biellese e cura l\u2019allestimento di due mostre: <em>Gli antichi mestieri<\/em> e <em>Il tessile biellese<\/em> presso l\u2019ex asilo Clelia Ferrua di Camandona (BI)&nbsp;<\/p>\n\n\n\n<h2 class=\"wp-block-heading\"><strong>2013 e 2014&nbsp;<\/strong><\/h2>\n\n\n\n<p>\u27a2 Da gennaio a dicembre, svolge attivit\u00e0 culturali presso l\u2019ex asilo: organizzazione dello spettacolo teatrale di <strong>Storie di Piazza<\/strong> <em>Fumne, <\/em>dedicato alla condizione femminile delle donne nel biellese dei primi Novecento; organizzazione dei mercatini di Natale con artigiani locali.&nbsp;<\/p>\n\n\n\n<h2 class=\"wp-block-heading\"><strong>2015&nbsp;<\/strong><\/h2>\n\n\n\n<p>\u27a2 Da aprile a dicembre svolge attivit\u00e0 culturali presso l\u2019ex asilo: organizzazione dello spettacolo teatrale di <strong>Storie di Piazza<\/strong>,<em> <\/em>in collaborazione con il <strong>Teatro Stabile di Torino<\/strong>,<em> Jack the Ripper <\/em>scritto da Guido Ceronetti<em>; <\/em>del mercatino di Natale con artigiani locali; di un seminario sulle aziende tessili locali.&nbsp;<\/p>\n\n\n\n<h2 class=\"wp-block-heading\"><strong>2016&nbsp;<\/strong><\/h2>\n\n\n\n<p>\u27a2 Da giugno a settembre svolge attivit\u00e0 culturali presso l\u2019ex asilo: mercatino di agosto con artigiani locali, incontri serali estivi sull\u2019imprenditoria tessile, seminario sul Cammino di San Carlo con la partecipazione di Franco Grosso, ideatore dell\u2019iniziativa.&nbsp;<\/p>\n\n\n\n<h2 class=\"wp-block-heading\"><strong>2017&nbsp;<\/strong><\/h2>\n\n\n\n<p>\u27a2 Da marzo a dicembre partecipa al progetto \u201cBocia. Diritti ai margini\u201d, in collaborazione con <strong>il DocBi &#8211; Centro Studi di Documentazione Biellese e con il Centro Studi Piero Gobetti &#8211; Polo del Novecento di Torino<\/strong>. L\u2019associazione in particolare realizza grazie alla collaborazione con l\u2019illustratore Gabriele Bollassa, studente del corso di animazione del Dipartimento Scuola Sperimentale di Cinema di Torino, una storia illustrata dal titolo \u201cPerch\u00e9 lo stiamo facendo?\u201d che racconta il viaggio onirico di un ragazzo marocchino recluso presso il carcere minorile \u201cFerrante Aporti\u201d di Torino. Il ragazzo mentre assiste a una lezione sul lavoro minorile si addormenta e sogna s\u00e9 stesso in diverse situazioni di lavoro in varie parti del mondo interrogandosi ogni volta sul motivo di tutto questo. La tavola finale \u00e8 una sorta di speranza e contiene un monito: <em>questa la conoscenza \u00e8 la chiave della tua futura libert\u00e0<\/em>. <\/p>\n\n\n\n<p>Le tavole, una scelta documentazione presente negli archivi del Ferrante Aporti e del Buon Pastore (i due carceri minorili di Torino del Novecento) digitalizzata e anche una ricerca condotta nel 2016 da Save the Children sui dati del lavoro minorile oggi in Italia e nel mondo, hanno fornito il materiale per la realizzazione di un ciclo di lezioni tenute da Marinella Bianco, di Acta Progetti, per <em>Tacafile<\/em> a 10 giovani adulti presso il carcere minorile <strong>Ferrante Aporti<\/strong>.\u00a0<\/p>\n\n\n\n<h2 class=\"wp-block-heading\"><strong>2018&nbsp;<\/strong><\/h2>\n\n\n\n<ul class=\"wp-block-list\">\n<li>A ottobre organizza, inoltre, presso le sedi in due diverse aree geografiche (a Mosso nel Biellese e a Baveno nel Verbano) il convegno \u201cCave e miniere come identit\u00e0 del territorio montano dell\u2019alto Piemonte. Studi dagli archivi storici e contaminazioni tra territori piemontesi\u201d, che ha posto le basi per un nuovo progetto di rete. A Baveno e a Mergozzo da alcuni anni si lavora alla valorizzazione delle cave, questo progetto ha portato un\u2019innovazione: l\u2019indagine condotta su inediti documenti degli archivi del territorio.\u00a0<\/li>\n<\/ul>\n\n\n\n<ul class=\"wp-block-list\">\n<li>A dicembre organizza, presso il <strong>Museo del Territorio Biellese<\/strong> e presso la sede della <strong>Provincia di Biella<\/strong>, il pre-decennale del Centro Rete Biellese Archivi Tessili e Moda e del progetto Archivi della moda del \u2018900, al fine di fare il punto su ci\u00f2 che \u00e8 stato fatto in dieci anni di lavoro, vale a dire dal 2010 quando \u00e8 nato il Centro Rete Biellese Archivi Tessili e Moda e anche per mostrare le ultime innovazioni tecnologiche adottate nel processo della <strong>\u00a0<\/strong>valorizzazione di questo importante patrimonio culturale del territorio biellese visibile su <a href=\"http:\/\/www.archivitessili.biella.it\/\">www.archivitessili.biella.it.<\/a> Il convegno ha anche lanciato un progetto pi\u00f9 ampio per l\u2019anno successivo.\u00a0 Hanno partecipato alcuni tra i fondatori del Centro Rete quali <strong>Provincia e\u00a0Comune di Biella, Camera del Lavoro, DocBi &#8211; Centro di Documentazione Biellese, Archivio Vercellone di Sordevolo (BI), ANAI &#8211; Associazione Archivistica Nazionale Italiana, Ministero per i Beni e le Attivit\u00e0 Culturali &#8211; Soprintendenza Archivistica per il Piemonte e la Valle d&#8217;Aosta, Regione Piemonte, Fondazione Centro Conservazione e Restauro La Venaria Reale (TO).\u00a0<\/strong><\/li>\n<\/ul>\n\n\n\n<h2 class=\"wp-block-heading\"><strong>2019&nbsp;<\/strong><\/h2>\n\n\n\n<ul class=\"wp-block-list\">\n<li>A giugno allestisce, in collaborazione con <strong>l\u2019Ecomuseo del Granito di Baveno<\/strong> (VB), la mostra <em>Cave e archivi<\/em> e partecipa con il comune di Baveno, all\u2019organizzazione di due minicrociere sul lago Maggiore che dalla mostra portano all\u2019Isola Bella presso l\u2019archivio della famiglia <strong>Borromeo<\/strong> dove si sono letti e approfonditi alcuni documenti antichi sulle cave della zona. L&#8217;archivio storico della famiglia Borromeo \u00e8 stato informatizzato da Acta Progetti nel 2017.\u00a0 <a href=\"http:\/\/www.bavenoturismo.it\/eventi\/mostra-cave-e-archivi\/\">http:\/\/www.bavenoturismo.it\/eventi\/mostra-cave-e-archivi\/<\/a><\/li>\n\n\n\n<li>A dicembre organizza il Decennale del Centro Rete Biellese Archivi Tessili e Moda in collaborazione con <strong>Camera del Lavoro di Biella<\/strong> nell\u2019ambito del progetto<em> Tessuto storico <\/em>e<em> <\/em>con <strong>ANAI Piemonte e Valle d\u2019Aosta, Centro Conservazione e Restauro La Venaria Reale, Comune di Chieri.<\/strong> Progetto realizzato anche nell\u2019ambito della XIX Settimana della Cultura d\u2019Impresa per cui Unione Industriale Biellese ha creato il percorso \u201cPorte aperte nelle realt\u00e0 tessili biellesi\u201d per consentire di visitare i &#8220;cantieri&#8221; di lavoro archivistici di diverse realt\u00e0 aderenti al Centro Rete e osservare le modalit\u00e0 operative;  questo ha permesso di entrare in contatto con documenti e materiali originali di rilevante interesse storico e di importanza crescente sia per i &#8220;soggetti&#8221; che li conservano sia per la storia italiana. Presso il Centro di Conservazione e Restauro La Venaria Reale (TO), per l\u2019occasione, Tacafile organizza anche il <em>Corso intensivo di alta formazione per specialisti di tessile e moda<\/em> e il <em>Work Caf\u00e9<\/em>, vale a dire tavoli di confronto tra specialisti del settore sui due progetti del Decennale (Centro Rete Biellese e Archivi della moda del \u2018900) per poter interrogarsi su quanto \u00e8 stato fatto, quanto resta da fare e su come farlo con l&#8217;obiettivo di creare una rete di tessile e moda nazionale. <a href=\"https:\/\/www.centrorestaurovenaria.it\/news\/work-cafe-nellambito-dellanteprima-del-decennale-del-centro-rete-archivi-tessili-e-moda\">https:\/\/www.centrorestaurovenaria.it\/news\/work-cafe-nellambito-dellanteprima-deldecennale-del-centro-rete-archivi-tessili-e-moda <\/a><a href=\"http:\/\/www.moda.san.beniculturali.i\">www.moda.san.beniculturali.i<\/a><a href=\"http:\/\/www.moda.san.beniculturali.it\/\">t <\/a><a href=\"http:\/\/www.icar.beniculturali.it\/\">http:\/\/www.icar.beniculturali.it\/\u00a0<\/a><a href=\"http:\/\/www.anai.org\/anai\">http:\/\/www.anai.org\/anai<\/a><\/li>\n<\/ul>\n","protected":false},"excerpt":{"rendered":"<p>2010&nbsp; \u27a2 \u00a0 A ottobre organizza gli eventi correlati al Centro Rete Biellese Archivi Tessili e Moda (www.archivitessili.biella.it), in particolare\u00a0 il convegno internazionale Memorie in Movimento (con i pi\u00f9 grandi nomi della moda, visibile integralmente sul sito https:\/\/www.archivitessili.biella.it\u00a0 l\u2019educational di due giorni tra le fabbriche e i Musei d\u2019impresa biellesi la mostra I tessuti sfilano [&hellip;]<\/p>\n","protected":false},"author":1,"featured_media":57,"parent":0,"menu_order":0,"comment_status":"closed","ping_status":"closed","template":"templates\/template-cover.php","meta":{"footnotes":""},"class_list":["post-67","page","type-page","status-publish","has-post-thumbnail","hentry"],"_links":{"self":[{"href":"https:\/\/www.tacafile.it\/wp\/index.php?rest_route=\/wp\/v2\/pages\/67","targetHints":{"allow":["GET"]}}],"collection":[{"href":"https:\/\/www.tacafile.it\/wp\/index.php?rest_route=\/wp\/v2\/pages"}],"about":[{"href":"https:\/\/www.tacafile.it\/wp\/index.php?rest_route=\/wp\/v2\/types\/page"}],"author":[{"embeddable":true,"href":"https:\/\/www.tacafile.it\/wp\/index.php?rest_route=\/wp\/v2\/users\/1"}],"replies":[{"embeddable":true,"href":"https:\/\/www.tacafile.it\/wp\/index.php?rest_route=%2Fwp%2Fv2%2Fcomments&post=67"}],"version-history":[{"count":4,"href":"https:\/\/www.tacafile.it\/wp\/index.php?rest_route=\/wp\/v2\/pages\/67\/revisions"}],"predecessor-version":[{"id":125,"href":"https:\/\/www.tacafile.it\/wp\/index.php?rest_route=\/wp\/v2\/pages\/67\/revisions\/125"}],"wp:featuredmedia":[{"embeddable":true,"href":"https:\/\/www.tacafile.it\/wp\/index.php?rest_route=\/wp\/v2\/media\/57"}],"wp:attachment":[{"href":"https:\/\/www.tacafile.it\/wp\/index.php?rest_route=%2Fwp%2Fv2%2Fmedia&parent=67"}],"curies":[{"name":"wp","href":"https:\/\/api.w.org\/{rel}","templated":true}]}}