{"id":66,"date":"2023-11-11T09:13:46","date_gmt":"2023-11-11T08:13:46","guid":{"rendered":"http:\/\/80.211.238.222\/wwwtacafile\/wp\/?page_id=66"},"modified":"2024-04-04T16:33:24","modified_gmt":"2024-04-04T14:33:24","slug":"seta-e-archivi","status":"publish","type":"page","link":"https:\/\/www.tacafile.it\/wp\/?page_id=66","title":{"rendered":"La terza tappa della mostra itinerante:                                                SETA. Luoghi e archivi dell&#8217;arte serica, Biella."},"content":{"rendered":"\n<p><\/p>\n\n\n\n<p><strong>Mostra prodotta da Associazione Tacafile e <a href=\"https:\/\/www.fondazionesella.org\/\">Fondazione Sella<\/a><\/strong><\/p>\n\n\n\n<p><strong>Dal 14 dicembre 2023 al 10 marzo 2024<\/strong> &#8211; <strong>Sala Mostre Lanificio Maurizio Sella, via Corradino Sella 10, Biella<\/strong><\/p>\n\n\n\n<figure class=\"wp-block-image size-large\"><img loading=\"lazy\" decoding=\"async\" width=\"1024\" height=\"828\" src=\"http:\/\/80.211.238.222\/wwwtacafile\/wp\/wp-content\/uploads\/2023\/12\/SETA_invito_inaugurazione_page-0001-1024x828.jpg\" alt=\"\" class=\"wp-image-120\" srcset=\"https:\/\/www.tacafile.it\/wp\/wp-content\/uploads\/2023\/12\/SETA_invito_inaugurazione_page-0001-1024x828.jpg 1024w, https:\/\/www.tacafile.it\/wp\/wp-content\/uploads\/2023\/12\/SETA_invito_inaugurazione_page-0001-300x243.jpg 300w, https:\/\/www.tacafile.it\/wp\/wp-content\/uploads\/2023\/12\/SETA_invito_inaugurazione_page-0001-768x621.jpg 768w, https:\/\/www.tacafile.it\/wp\/wp-content\/uploads\/2023\/12\/SETA_invito_inaugurazione_page-0001-1536x1242.jpg 1536w, https:\/\/www.tacafile.it\/wp\/wp-content\/uploads\/2023\/12\/SETA_invito_inaugurazione_page-0001-1200x970.jpg 1200w, https:\/\/www.tacafile.it\/wp\/wp-content\/uploads\/2023\/12\/SETA_invito_inaugurazione_page-0001.jpg 1754w\" sizes=\"auto, (max-width: 1024px) 100vw, 1024px\" \/><\/figure>\n\n\n\n<p>Dal 14 dicembre 2023 al 10 marzo 2024, a Biella, presso il Lanificio Maurizio Sella \u00e8 allestita la mostra<strong> <em>SETA. Luoghi e archivi dell\u2019arte serica<\/em><\/strong>, un viaggio nelle geografie della seta attraverso documenti, immagini e oggetti conservati negli archivi di enti e imprese che ne conservano l\u2019affascinante storia.<\/p>\n\n\n\n<p><strong>Come nasce<\/strong>: Tacafile ha messo a punto un articolato studio volto a unire<strong> <\/strong>e confrontare tra loro le diverse realt\u00e0 seriche diffuse nel nostro Paese che, insieme, concorrono a raccontare la storia di questa eccellenza italiana. \u00c8 nato cos\u00ec il progetto itinerante <em>Silk and Archives &#8211; La Via Verde della Seta<\/em>, inaugurato nel 2021 con una mostra a Caraglio (CN), che presenta gli archivi e i luoghi in cui si \u00e8 sviluppata la lavorazione serica. <a href=\"https:\/\/www.fondazionesella.org\/\"><strong>Fondazione Sella<\/strong> <\/a>ha aderito al progetto con un duplice intento, da un lato riportare alla luce la storia biellese della seta che, successivamente sorpassata dalla lana, ha avuto molto successo per pi\u00f9 di un secolo nella storia locale; dall\u2019altro valorizzare la presenza dell\u2019antico Filatoio da seta del Santuario di Oropa &#8211; oggi sede della Fondazione &#8211; nel complesso immobiliare Lanificio Maurizio Sella. La mostra si inserisce nel percorso di valorizzazione, a cura della Fondazione, della storia del Lanificio e delle diverse attivit\u00e0 produttive che vi si sono susseguite nel corso dei secoli, di cui la tappa precedente \u00e8 stata la mostra <em>Lana<\/em> (2021).<\/p>\n\n\n\n<p><strong>L\u2019idea<\/strong> <strong>di questa mostra \u00e8 di Marinella Bianco e Raffaella Simonetti, ma il progetto ha preso forma nel 2020 con Arduino Rosso <\/strong>grazie alla scoperta, il riordino e la pubblicazione online dell\u2019archivio dei Setifici Manissero di Racconigi (CN), attivi fino agli anni Quaranta del Novecento. Per valorizzarne i contenuti e per narrare la seta che fu economicamente molto importante dall\u2019Ottocento al Novecento era nato un piano narrativo completo di mostra itinerante, che mette in relazione gli attori della seta, imprenditori e musei, al fine di avere un racconto il pi\u00f9 possibile esaustivo, costruito grazie alle fonti dirette degli archivi storici e contemporanei. Via via che la mostra si sposta nei principali luoghi della seta, il nucleo originario si arricchisce di storie e materiali, frutto di nuove collaborazioni e conoscenze.<\/p>\n\n\n\n<p><strong>La ricerca<\/strong>: la mostra di Biella, allestita proprio nei locali che anticamente ospitavano il Filatoio di Oropa, integra la ricerca storica e documentale effettuata da Marinella Bianco e Arduino Rosso, con la ricerca documentale di Beatrice Brunetti, responsabile dell\u2019archivio della Fondazione, sul Filatoio di seta e Albergo di Virt\u00f9 del Santuario di Oropa e con un approfondimento storico di Danilo Craveia, responsabile di diversi archivi del territorio compreso quello del Santuario.<\/p>\n\n\n\n<p><strong>L&#8217;esposizione<\/strong> <strong>\u00e8 ricca di<\/strong> oggetti, macchinari, abiti e tessuti di rilevante valore storico grazie alle importanti collaborazioni dell&#8217;associazione in Italia: tutti gli enti si trovano alla pagina dedicata.<\/p>\n\n\n\n<p><strong>Installazione artistica<\/strong>: il percorso \u00e8 introdotto dall\u2019installazione site specific dell\u2019artista biellese Michela Cavagna dal titolo <em>Question of matter. Over time a mulberry leaf becomes silk <\/em>che rappresenta il concetto di trasformazione e ciclicit\u00e0 continua: materiali di scarto si rigenerano per creare un\u2019opera tattile, che nella sua delicatezza \u00e8 rappresentativa di forza rigenerativa.<\/p>\n\n\n\n<p><strong>Momenti speciali<\/strong>: prima dell\u2019inizio dell\u2019esposizione vera e propria, si vivono grazie alla possibilit\u00e0 di fare un&#8217;<strong>esperienza tattile<\/strong> con seta grezza e  tessuta di Buratti e di Fratelli Piacenza, nonch\u00e9 di conoscere i colori naturali e la <strong>seta sostenibile<\/strong> grazie all\u2019allevamento dei bachi liberi di sfarfallare dai bozzoli, progetto della genovese Monica Biamonti.<\/p>\n\n\n\n<p><strong>Contributi<\/strong>: la mostra \u00e8 realizzata grazie al sostegno di Fondazione Cassa di Risparmio di Biella, Fondazione Cassa di Risparmio di Cuneo e Gruppo Sella. Il giornale della mostra \u00e8 stato gentilmente offerto da Filati Buratti e Fratelli Piacenza. <\/p>\n\n\n\n<p><strong>Patrocini<\/strong> di Regione Piemonte, Provincia di Biella, Citt\u00e0 di Biella, Associazione Nazionale Archivistica Italiana &#8211; ANAI e Camera di commercio di Cuneo.<\/p>\n\n\n\n<div class=\"wp-block-buttons is-content-justification-center is-layout-flex wp-container-core-buttons-is-layout-16018d1d wp-block-buttons-is-layout-flex\">\n<div class=\"wp-block-button\"><a class=\"wp-block-button__link wp-element-button\" href=\"https:\/\/www.tacafile.it\/wp\/index.php\/luoghi-e-enti-le-collaborazioni\/\">Scopri i luoghi e gli enti<\/a><\/div>\n<\/div>\n\n\n\n<div class=\"wp-block-buttons is-content-justification-center is-layout-flex wp-container-core-buttons-is-layout-16018d1d wp-block-buttons-is-layout-flex\">\n<div class=\"wp-block-button\"><a class=\"wp-block-button__link wp-element-button\" href=\"https:\/\/www.tacafile.it\/wp\/index.php\/mostla-no-percolso-mostrla\/\">visita la mostra <\/a><\/div>\n<\/div>\n\n\n\n<div class=\"wp-block-buttons is-content-justification-center is-layout-flex wp-container-core-buttons-is-layout-16018d1d wp-block-buttons-is-layout-flex\">\n<div class=\"wp-block-button\"><a class=\"wp-block-button__link wp-element-button\" href=\"https:\/\/www.tacafile.it\/wp\/index.php\/biografie\/\">Leggi le bio<\/a><\/div>\n<\/div>\n\n\n\n<p><strong>Giorni e orari di apertura<\/strong>                                                                     sabato e domenica dalle 10 alle 18 &#8211; marted\u00ec dalle 12,30 alle 14,30                       Per informazioni: Fondazione Sella 015 25 22 445 dalle 9 alle 13<\/p>\n\n\n\n<p><strong>Crediti:<\/strong>                                                                                                     Curatela: Marinella Bianco, <a href=\"https:\/\/www.actaprogetti.it\/\">Acta Progetti S.r.l.<\/a>                                               Ricerca documentale area biellese: Beatrice Brunetti, Fondazione Sella Ricerca storica area biellese: Danilo Craveia, archivista                       Ricerca storica e documentale aree novarese, cuneese, torinese: Marinella Bianco e Arduino Rosso, archivista                                                                               Progetto allestitivo: Studio Simonetti Architettura e Raffaella Simonetti, <a href=\"http:\/\/www.niniqa.it\/\">Niniqa Scarl<\/a>                                                                                      Installazione artistica <em>Question of matter. Over time a mulberry leaf becomes silk<\/em> di Michela Cavagna, fiber artist<\/p>\n\n\n\n<div class=\"wp-block-buttons is-content-justification-center is-layout-flex wp-container-core-buttons-is-layout-16018d1d wp-block-buttons-is-layout-flex\">\n<div class=\"wp-block-button\"><a class=\"wp-block-button__link wp-element-button\" href=\"https:\/\/www.tacafile.it\/wp\/index.php\/rassegna-stampa\/\">Rassegna stampa<\/a><\/div>\n<\/div>\n\n\n\n<div class=\"wp-block-buttons is-content-justification-center is-layout-flex wp-container-core-buttons-is-layout-16018d1d wp-block-buttons-is-layout-flex\">\n<div class=\"wp-block-button\"><a class=\"wp-block-button__link wp-element-button\" href=\"https:\/\/www.tacafile.it\/wp\/index.php\/reel-e-altor-video\/\">Guarda la mostra online<\/a><\/div>\n<\/div>\n","protected":false},"excerpt":{"rendered":"<p>Mostra prodotta da Associazione Tacafile e Fondazione Sella Dal 14 dicembre 2023 al 10 marzo 2024 &#8211; Sala Mostre Lanificio Maurizio Sella, via Corradino Sella 10, Biella Dal 14 dicembre 2023 al 10 marzo 2024, a Biella, presso il Lanificio Maurizio Sella \u00e8 allestita la mostra SETA. Luoghi e archivi dell\u2019arte serica, un viaggio nelle [&hellip;]<\/p>\n","protected":false},"author":1,"featured_media":57,"parent":0,"menu_order":0,"comment_status":"closed","ping_status":"closed","template":"templates\/template-cover.php","meta":{"footnotes":""},"class_list":["post-66","page","type-page","status-publish","has-post-thumbnail","hentry"],"_links":{"self":[{"href":"https:\/\/www.tacafile.it\/wp\/index.php?rest_route=\/wp\/v2\/pages\/66","targetHints":{"allow":["GET"]}}],"collection":[{"href":"https:\/\/www.tacafile.it\/wp\/index.php?rest_route=\/wp\/v2\/pages"}],"about":[{"href":"https:\/\/www.tacafile.it\/wp\/index.php?rest_route=\/wp\/v2\/types\/page"}],"author":[{"embeddable":true,"href":"https:\/\/www.tacafile.it\/wp\/index.php?rest_route=\/wp\/v2\/users\/1"}],"replies":[{"embeddable":true,"href":"https:\/\/www.tacafile.it\/wp\/index.php?rest_route=%2Fwp%2Fv2%2Fcomments&post=66"}],"version-history":[{"count":29,"href":"https:\/\/www.tacafile.it\/wp\/index.php?rest_route=\/wp\/v2\/pages\/66\/revisions"}],"predecessor-version":[{"id":314,"href":"https:\/\/www.tacafile.it\/wp\/index.php?rest_route=\/wp\/v2\/pages\/66\/revisions\/314"}],"wp:featuredmedia":[{"embeddable":true,"href":"https:\/\/www.tacafile.it\/wp\/index.php?rest_route=\/wp\/v2\/media\/57"}],"wp:attachment":[{"href":"https:\/\/www.tacafile.it\/wp\/index.php?rest_route=%2Fwp%2Fv2%2Fmedia&parent=66"}],"curies":[{"name":"wp","href":"https:\/\/api.w.org\/{rel}","templated":true}]}}