{"id":64,"date":"2023-11-11T09:13:46","date_gmt":"2023-11-11T08:13:46","guid":{"rendered":"http:\/\/80.211.238.222\/wwwtacafile\/wp\/?page_id=64"},"modified":"2024-01-07T17:11:52","modified_gmt":"2024-01-07T16:11:52","slug":"via-verde-della-seta-2","status":"publish","type":"page","link":"https:\/\/www.tacafile.it\/wp\/?page_id=64","title":{"rendered":"Prima e seconda tappa della mostra: La via verde della seta. Racconigi e Caraglio."},"content":{"rendered":"\n<p>Nel 2021 l\u2019associazione<strong>&nbsp;Tacafile<\/strong>&nbsp;propone il progetto&nbsp;<strong>\u201cLa via verde della seta\u201d<\/strong>&nbsp;all\u2019associazione Sul filo della seta di Racconigi (CN) per partecipare al bando Viva di Fondazione Compagnia di San Paolo e la proposta risulta vincente.<\/p>\n\n\n\n<p>La via verde della seta affonda le sue radici nel progetto&nbsp;<strong><a href=\"http:\/\/80.211.238.222\/wwwtacafile\/wp\/index.php\/inditec\/\" data-type=\"page\" data-id=\"63\">InDiTeC: innovazione digitale per il tessile cuneese<\/a><\/strong> del 2020 attraverso il quale si era realizzato il primo importante passo verso il recupero dell\u2019archivio dei Setifici Manissero di Racconigi (CN).&nbsp;A partire da quel lavoro si \u00e8 sviluppato un progetto di valorizzazione culturale e turistica basata sui documenti d\u2019archivio. I principali risultati de \u201cLa via verde della seta\u201d, ai quali Tacafile ha strettamente collaborato, sono stati sia una mostra itinerante dal titolo&nbsp;<strong>\u201cSilk and Archives\u201d<\/strong> (allestita prima a Racconigi presso il Museo della seta) sia la creazione di un percorso green, perch\u00e9 cicloturistico, georeferenziato in GPX, che collega i principali siti della provincia di Cuneo ove, un tempo, veniva prodotto il prezioso filato (ecco spiegato il nome \u201cVia verde della seta\u201d). Molti eventi collaterali, tra cui concerti e spettacoli teatrali, hanno arricchito il progetto durato alcuni mesi.<\/p>\n\n\n\n<figure class=\"wp-block-image\"><img decoding=\"async\" src=\"https:\/\/lh7-us.googleusercontent.com\/Vhlzz3VEtFlkuijykgMqsB1Dclb4fKh5mp4Y3c0ZfAm07h4omXkzqwDOBY4lwVOgae51kJJuJJFAUNkI_huhSttUrJTwBDH-9gePMW3fs8UMNxRKKTUb1VVH-ecfB8CjENAnC6G-sgehHpl7wZiQkQ\" alt=\"Immagine che contiene testo, interno, muro, Bacheca\n\nDescrizione generata automaticamente\"\/><\/figure>\n\n\n\n<p>I soggetti coinvolti sono stati: il Museo Civico di Oleggio (NO), il Museo del cappello di Ghiffa (VB). Nell\u2019ottica di tessere nuovi legami\/attaccare i fili tra territori diversi, che conservano archivi del tessile, Tacafile, a dicembre, ricrea il percorso espositivo iniziale presso il Filatoio che si aggiunge agli altri soggetti gi\u00e0 coinvolti nel progetto. La mostra si arricchisce di una parte dell\u2019archivio Bemberg grazie ai nuovi contatti con l\u2019ecomuseo del lago d\u2019Orta e con il Comune di Gozzano (NO) che hanno cos\u00ec permesso di portare la narrazione anche verso la seta artificiale.<\/p>\n\n\n\n<p>Il link alla pagina del Filatoio che ha ospitato la mostra a dicembre 2021 \u00e8 il seguente: https:\/\/www.filatoiocaraglio.it\/eventi\/silk-and-archives\/\u00a0<\/p>\n\n\n\n<figure class=\"wp-block-image size-large\"><img loading=\"lazy\" decoding=\"async\" width=\"1024\" height=\"768\" src=\"http:\/\/80.211.238.222\/wwwtacafile\/wp\/wp-content\/uploads\/2024\/01\/20211204_140029-1024x768.jpg\" alt=\"\" class=\"wp-image-302\" srcset=\"https:\/\/www.tacafile.it\/wp\/wp-content\/uploads\/2024\/01\/20211204_140029-1024x768.jpg 1024w, https:\/\/www.tacafile.it\/wp\/wp-content\/uploads\/2024\/01\/20211204_140029-300x225.jpg 300w, https:\/\/www.tacafile.it\/wp\/wp-content\/uploads\/2024\/01\/20211204_140029-768x576.jpg 768w, https:\/\/www.tacafile.it\/wp\/wp-content\/uploads\/2024\/01\/20211204_140029-1536x1152.jpg 1536w, https:\/\/www.tacafile.it\/wp\/wp-content\/uploads\/2024\/01\/20211204_140029-2048x1536.jpg 2048w, https:\/\/www.tacafile.it\/wp\/wp-content\/uploads\/2024\/01\/20211204_140029-1200x900.jpg 1200w, https:\/\/www.tacafile.it\/wp\/wp-content\/uploads\/2024\/01\/20211204_140029-1980x1485.jpg 1980w\" sizes=\"auto, (max-width: 1024px) 100vw, 1024px\" \/><\/figure>\n\n\n\n<p>Il percorso espositivo narra dell\u2019archivio setifici Manissero, appena informatizzato (www.groupar.it), che collega anche il Piemonte con il Giappone sia per un brevetto di attaccabave realizzato dal titolare dell\u2019opificio, Vincenzo Manissero, e venduto al Giappone sia per una cartolina attestante l\u2019acquisto del seme baco in Giappone quanto in Piemonte a met\u00e0 Ottocento i bachi erano malati di pebrina. Un angolo \u00e8 quindi dedicato alla seta giapponese e mostra un kimono degli anni Trenta, uno degli anni Cinquanta e scarpette in seta. Un\u2019altra parte attesta il legame Cuneo con Como poich\u00e9 a Cuneo c\u2019erano le filande e a Como le tessiture: un pannello narra dei Costa, liguri che aprono una filanda a Cuneo nei primi anni del Novecento e poi una tessitura a Como negli anni Cinquanta del Novecento e producono per tutti i pi\u00f9 grandi stilisti dell\u2019alta moda. In mostra numerosi abiti in seta con scialli e ombrellini prestati dal museo di Oleggio.&nbsp;<\/p>\n\n\n\n<p>Sono in mostra anche i cappelli in seta del museo del cappello di Ghiffa.&nbsp;<\/p>\n\n\n\n<figure class=\"wp-block-image\"><img decoding=\"async\" src=\"https:\/\/lh7-us.googleusercontent.com\/JoVX4JCAsWPtGTGaHcG5XfSNDQGxS4s5eIjlnlrswVW_UN6X_Mrrut16BP5u_XT1vrZRoq8KofG9QAvvPYjJLIiuc55vMJhmYkQo-xeg8NKk4v0VpQs5CX8wjVUf49nnHaStsA4Oa_eEYp73l37E-w\" alt=\"Immagine che contiene muro, interno, arredo, portafotografie\n\nDescrizione generata automaticamente\"\/><\/figure>\n\n\n\n<p>Due pannelli e un video (da mandare in loop) illustrano il percorso green tra le filande creato grazie a studi storici e realizzato fisicamente con apposizione di pannelli attestanti la filanda che aveva sede nel luogo indicato e un qr code che rimanda al sito.&nbsp;<\/p>\n\n\n\n<p>Il percorso percorribile anche in bicicletta \u00e8 georeferenziato tramite GPX.&nbsp;<\/p>\n\n\n\n<figure class=\"wp-block-video\"><video height=\"1080\" style=\"aspect-ratio: 1920 \/ 1080;\" width=\"1920\" controls src=\"http:\/\/80.211.238.222\/wwwtacafile\/wp\/wp-content\/uploads\/2024\/01\/329e0b49-c8b8-428c-89f7-36215c89f564.mp4\"><\/video><\/figure>\n\n\n\n<p>Il progetto ha previsto anche la proiezione del film <strong>\u201cBigatis \u2013 storie di donne friulane in filanda\u201d. <\/strong>L\u2019opera \u00e8 una trasposizione della omonima pi\u00e8ce teatrale di Paolo Patui ed Elio Bartolini e ci racconta delle emozioni, delle difficolt\u00e0, delle gioie e dei dolori vissuti dalle donne al lavoro nelle filande del Friuli. Il film \u00e8 in gran parte in dialetto friulano con sottotitoli in lingua italiana ed \u00e8 stato realizzato da <strong>CSS teatro stabile del Friuli <\/strong>e in collaborazione con <strong>RAI \u2013 Radio-Televisione Italiana, sezione Friuli Venezia-Giulia.<\/strong><\/p>\n\n\n\n<p>Un articolo&nbsp; di \u201cLa Stampa\u201d, pagine di Biella, spiega nel dettaglio il progetto:<\/p>\n\n\n\n<p><em>Un vero tour green tra sapori locali, musica, cinema e spostamenti sostenibili per esaltare la cultura e le radici. \u00c8 il progetto \u00abLa via verde della seta\u00bb, che ha l\u2019associazione Tacafile in prima linea con altre realt\u00e0 piemontesi. Il filo conduttore \u00e8 ovviamente la seta e il tessuto in generale. L&#8217;associazione, nata nel 2018 e che ha sede a Valdilana in frazione Pratrivero, ha partecipato con l\u2019associazione \u00abSul filo della seta\u00bb di Racconigi al bando \u00abViva\u00bb di Compagnia di San Paolo: e il progetto \u00abLa via verde della seta\u00bb \u00e8 risultato uno dei 28 vincitori. L\u2019obiettivo \u00e8 di portare i biellesi a scoprire le numerose iniziative estive che avranno luogo tra Racconigi, Caraglio, Oleggio e Ghiffa. A giugno \u00e8 prevista anche una tappa a Valdilana, ma la data \u00e8 ancora da definire. Con questa iniziativa il piccolo sodalizio biellese ha unito tutto il Piemonte. \u00abL\u2019associazione culturale Tacafile \u2013 spiega il presidente Umberto Biasetti &#8211; ha creato una rete tra province distanti tra loro per creare connessioni culturali necessarie a un turismo slow, importante per il periodo e per la regione\u00bb. Ad essere coinvolti sono anche l\u2019associazione Amici della Storia di Racconigi, l\u2019associazione Le Terre dei Savoia, l\u2019associazione Progetto Cantoregi, i Comuni di Racconigi e di Caraglio, la Fondazione Filatoio Rosso, l\u2019associazione Cevitou di Monterosso Grana, il Museo del cappello di Ghiffa. \u00abSar\u00e0 una vera festa d\u2019estate green &#8211; continua Biasetti -. I percorsi slow porteranno alla riscoperta di antichi opifici, rivisitati grazie alle carte d\u2019archivio e allietati da proiezioni, concerti e momenti dedicati all\u2019enogastronomia\u00bb. L&#8217;associazione Tacafile porter\u00e0 la sua esperienza tutta biellese e le conoscenze maturate da anni nel campo tessile. Con questo progetto si vuole far conoscere il territorio da Racconigi a Caraglio passando per Cavallerleone, Busca, Dronero e Cuneo stessa, tracciando un itinerario sostenibile da percorrere in bicicletta o con auto elettriche. Il trait d\u2019union \u00e8 la seta: tutte le filande, i filatoi, i setifici saranno segnalati sul percorso virtuale e fisico. Il Museo della Seta di Racconigi in particolare esporr\u00e0 l\u2019ultimo tesoro ritrovato: l\u2019archivio dei setifici Manissero, forse l\u2019unico archivio di un setificio in Piemonte. Il tracciato sar\u00e0 realizzato in Gpx e saranno installati alcuni pannelli con approfondimenti sul sito in questione nei pressi delle principali ex-filande\/setifici, compreso un QR Code che rimandi al sito web del Museo della seta, dove si troveranno descrizioni pi\u00f9 ampie. Il filatoio di Caraglio aprir\u00e0 le porte gratuitamente per due giornate e ospiter\u00e0 un concerto con aperitivo e anche una proiezione cinematografica. Il museo etnografico di Oleggio e il Museo del cappello di Ghiffa presteranno manufatti in seta per la mostra \u00abSilk and archives\u00bb a Racconigi, a cura di Tacafile, che organizzer\u00e0 anche visite gratuite nei tre musei. L\u2019associazione Tacafile inoltre ha due importanti convenzioni: una con il centro di conservazione e restauro La Venaria Reale, l\u2019altra con il Museo civico etnografico archeologico Fanchini di Oleggio.&nbsp;<\/em><\/p>\n","protected":false},"excerpt":{"rendered":"<p>Nel 2021 l\u2019associazione&nbsp;Tacafile&nbsp;propone il progetto&nbsp;\u201cLa via verde della seta\u201d&nbsp;all\u2019associazione Sul filo della seta di Racconigi (CN) per partecipare al bando Viva di Fondazione Compagnia di San Paolo e la proposta risulta vincente. La via verde della seta affonda le sue radici nel progetto&nbsp;InDiTeC: innovazione digitale per il tessile cuneese del 2020 attraverso il quale si [&hellip;]<\/p>\n","protected":false},"author":1,"featured_media":57,"parent":0,"menu_order":0,"comment_status":"closed","ping_status":"closed","template":"templates\/template-cover.php","meta":{"footnotes":""},"class_list":["post-64","page","type-page","status-publish","has-post-thumbnail","hentry"],"_links":{"self":[{"href":"https:\/\/www.tacafile.it\/wp\/index.php?rest_route=\/wp\/v2\/pages\/64","targetHints":{"allow":["GET"]}}],"collection":[{"href":"https:\/\/www.tacafile.it\/wp\/index.php?rest_route=\/wp\/v2\/pages"}],"about":[{"href":"https:\/\/www.tacafile.it\/wp\/index.php?rest_route=\/wp\/v2\/types\/page"}],"author":[{"embeddable":true,"href":"https:\/\/www.tacafile.it\/wp\/index.php?rest_route=\/wp\/v2\/users\/1"}],"replies":[{"embeddable":true,"href":"https:\/\/www.tacafile.it\/wp\/index.php?rest_route=%2Fwp%2Fv2%2Fcomments&post=64"}],"version-history":[{"count":16,"href":"https:\/\/www.tacafile.it\/wp\/index.php?rest_route=\/wp\/v2\/pages\/64\/revisions"}],"predecessor-version":[{"id":304,"href":"https:\/\/www.tacafile.it\/wp\/index.php?rest_route=\/wp\/v2\/pages\/64\/revisions\/304"}],"wp:featuredmedia":[{"embeddable":true,"href":"https:\/\/www.tacafile.it\/wp\/index.php?rest_route=\/wp\/v2\/media\/57"}],"wp:attachment":[{"href":"https:\/\/www.tacafile.it\/wp\/index.php?rest_route=%2Fwp%2Fv2%2Fmedia&parent=64"}],"curies":[{"name":"wp","href":"https:\/\/api.w.org\/{rel}","templated":true}]}}