{"id":63,"date":"2023-11-11T09:13:46","date_gmt":"2023-11-11T08:13:46","guid":{"rendered":"http:\/\/80.211.238.222\/wwwtacafile\/wp\/?page_id=63"},"modified":"2023-12-01T18:36:31","modified_gmt":"2023-12-01T17:36:31","slug":"inditec","status":"publish","type":"page","link":"https:\/\/www.tacafile.it\/wp\/?page_id=63","title":{"rendered":"InDiTec. Innovazione Digitale per il Tessile Cuneese,"},"content":{"rendered":"\n<p>Proposto da Tacafile a una rete di enti operanti sul territorio delle valli e della prima pianura cuneese e finanziato dalla Fondazione CRC.<\/p>\n\n\n\n<p>Capofila \u00e8 l\u2019associazione\u00a0<strong>La Cevitou<\/strong>\u00a0di Monterosso Grana, alla quale si sono affiancati il\u00a0<strong>Comune<\/strong>\u00a0di Caraglio e la<strong>\u00a0Fondazione Filatoio<\/strong>\u00a0di Caraglio. A questi enti operativi si \u00e8 aggiunta una rete di comuni e realt\u00e0 locali che hanno dato la propria adesione di intenti riconoscendo l\u2019importanza delle idee di base del progetto e che si sono dati disponibili a facilitarne la realizzazione. Importante snodo di InDiTec \u00e8 la citt\u00e0 di Racconigi. Qui si \u00e8 innescata una preziosa collaborazione con l\u2019associazione Amici della Storia di Racconigi che da anni salvaguarda alcuni archivi storici. L\u2019architetto Domenico Perrone e il compianto Roberto Sanson, in particolare, salvarono, tempo fa, un archivio estremamente prezioso perch\u00e9 unico nel suo genere in Piemonte, quello dei Setifici Manissero.<\/p>\n\n\n\n<p>Il progetto, iniziato lo scorso novembre, ha come obiettivo quello di promuovere la cultura e la tradizione tessile locale attraverso il recupero e la valorizzazione degli archivi storici del settore. Proprio per questo fanno parte della rete alcune realt\u00e0 tecniche-archivistiche quali Acta Progetti, societ\u00e0 torinese attiva da decenni nell\u2019ambito archivistico, gi\u00e0 protagonista di diversi e importanti interventi di conservazione sugli archivi del cuneese. Si sono inoltre unite l\u2019Associazione Nazionale Archivistica Italiana (ANAI) nella sua sezione del Piemonte e della Valle d\u2019Aosta, che affiancato il progetto tessile biellese fin dal suo nascere.<\/p>\n\n\n\n<p>Il progetto parte dalla consapevolezza che il settore tessile (filande, filature, filatoi e tessiture) sia stato, a cavallo tra \u2018800 e \u2018900, una risorsa fondamentale per il territorio cuneese e vallivo, capace di modificare non soltanto gli stili e le modalit\u00e0 di vita locali ma addirittura l\u2019aspetto urbano dei nostri paesi attraverso l\u2019istallazione di numerosi opifici che ancora oggi rappresentano incredibili reperti di archeologia industriale. Siti che, in alcuni casi, sono stati mirabilmente recuperati e rimessi a disposizione delle comunit\u00e0. Si pensi al Filatoio Rosso di Caraglio, alla filanda Favole di Boves o ancora ad alcuni spazi dei Setifici Manissero di Racconigi. InDiTeC vuole realizzare alcune attivit\u00e0 che rappresenteranno il terreno fertile sul quale potranno germogliare altre iniziative dedicate alle filature a al tessile cuneese, prima tra tutte il censimento delle principali attivit\u00e0 del settore attive tra l\u2019Ottocento e il Novecento attraverso ricerche bibliografiche e d\u2019archivio che porter\u00e0 alla realizzazione di schede tecniche di alcune industrie tessili che verranno quindi organizzate e georeferenziate su una mappa interattiva e navigabile sul portale archivistico www.groupar.it. Sempre sul portale Groupar verranno riversate le informatizzazioni e le digitalizzazioni dell\u2019archivio Manissero.<\/p>\n\n\n\n<p>Individuare e georeferenziare le industrie tessili del territorio pu\u00f2 inoltre fare intravedere interessanti percorsi che si adatterebbero molto bene ad un turismo lento e green. Sul territorio caragliese l\u2019ente capofila di progetto La Cevitou, coadiuvato dalle competenze di giovani guide del luogo, aveva gi\u00e0, in passato, individuato un percorso sul tema della seta. La georeferenziazione proposta da InDiTeC sembra condurre ad individuare delle direttive che collegavano le industrie tessili del cuneese. Il lavoro di questo progetto si sta rivelando propedeutico alla creazione di un percorso turistico esteso che colleghi diversi siti e che sfrutti le proposte locali gi\u00e0 sperimentate e realizzate. Non solo, il censimento sta cominciando a far emergere conoscenze che sembravano perse. E questo potr\u00e0 portare auspicabilmente all\u2019individuazione di altri archivi storici delle industrie tessili da salvare, e mettere a disposizione della comunit\u00e0 sia scientifica, sia civile.<\/p>\n\n\n\n<p>Sul versante della restituzione al pubblico del progetto nei prossimi mesi sui canali social dell\u2019Ecomuseo Terra del Castelmagno sono stati proposti alcuni video di presentazione del lavoro svolto e videolezioni sugli archivi d\u2019impresa a cura di Acta Progetti.<\/p>\n\n\n\n<p><\/p>\n","protected":false},"excerpt":{"rendered":"<p>Proposto da Tacafile a una rete di enti operanti sul territorio delle valli e della prima pianura cuneese e finanziato dalla Fondazione CRC. Capofila \u00e8 l\u2019associazione\u00a0La Cevitou\u00a0di Monterosso Grana, alla quale si sono affiancati il\u00a0Comune\u00a0di Caraglio e la\u00a0Fondazione Filatoio\u00a0di Caraglio. A questi enti operativi si \u00e8 aggiunta una rete di comuni e realt\u00e0 locali che [&hellip;]<\/p>\n","protected":false},"author":1,"featured_media":57,"parent":0,"menu_order":0,"comment_status":"closed","ping_status":"closed","template":"templates\/template-cover.php","meta":{"footnotes":""},"class_list":["post-63","page","type-page","status-publish","has-post-thumbnail","hentry"],"_links":{"self":[{"href":"https:\/\/www.tacafile.it\/wp\/index.php?rest_route=\/wp\/v2\/pages\/63","targetHints":{"allow":["GET"]}}],"collection":[{"href":"https:\/\/www.tacafile.it\/wp\/index.php?rest_route=\/wp\/v2\/pages"}],"about":[{"href":"https:\/\/www.tacafile.it\/wp\/index.php?rest_route=\/wp\/v2\/types\/page"}],"author":[{"embeddable":true,"href":"https:\/\/www.tacafile.it\/wp\/index.php?rest_route=\/wp\/v2\/users\/1"}],"replies":[{"embeddable":true,"href":"https:\/\/www.tacafile.it\/wp\/index.php?rest_route=%2Fwp%2Fv2%2Fcomments&post=63"}],"version-history":[{"count":5,"href":"https:\/\/www.tacafile.it\/wp\/index.php?rest_route=\/wp\/v2\/pages\/63\/revisions"}],"predecessor-version":[{"id":128,"href":"https:\/\/www.tacafile.it\/wp\/index.php?rest_route=\/wp\/v2\/pages\/63\/revisions\/128"}],"wp:featuredmedia":[{"embeddable":true,"href":"https:\/\/www.tacafile.it\/wp\/index.php?rest_route=\/wp\/v2\/media\/57"}],"wp:attachment":[{"href":"https:\/\/www.tacafile.it\/wp\/index.php?rest_route=%2Fwp%2Fv2%2Fmedia&parent=63"}],"curies":[{"name":"wp","href":"https:\/\/api.w.org\/{rel}","templated":true}]}}