{"id":346,"date":"2025-06-30T09:41:19","date_gmt":"2025-06-30T07:41:19","guid":{"rendered":"https:\/\/www.tacafile.it\/?page_id=346"},"modified":"2025-10-06T11:18:54","modified_gmt":"2025-10-06T09:18:54","slug":"silk-experience","status":"publish","type":"page","link":"https:\/\/www.tacafile.it\/wp\/?page_id=346","title":{"rendered":"Silk Experience"},"content":{"rendered":"\n<p><strong>Mostra: <\/strong><strong><em>Silk Experience: archivi, storia, arte e sostenibilit\u00e0 in movimento<\/em><\/strong>&nbsp;<\/p>\n\n\n\n<p><em>Ascoltalo invece di leggere: <\/em><\/p>\n\n\n\n<figure class=\"wp-block-audio\"><audio controls src=\"https:\/\/www.tacafile.it\/wp\/wp-content\/uploads\/2025\/10\/generated-speech.mp3\"><\/audio><\/figure>\n\n\n\n<div data-wp-interactive=\"core\/file\" class=\"wp-block-file\"><object data-wp-bind--hidden=\"!state.hasPdfPreview\" hidden class=\"wp-block-file__embed\" data=\"https:\/\/www.tacafile.it\/wp\/wp-content\/uploads\/2025\/10\/SETA_170x240_2025.pdf\" type=\"application\/pdf\" style=\"width:100%;height:600px\" aria-label=\"Incorporamento PDF\"><\/object><\/div>\n\n\n\n<div data-wp-interactive=\"core\/file\" class=\"wp-block-file\"><object data-wp-bind--hidden=\"!state.hasPdfPreview\" hidden class=\"wp-block-file__embed\" data=\"https:\/\/www.tacafile.it\/wp\/wp-content\/uploads\/2025\/10\/SETA_invito_297x240_2025_01.pdf\" type=\"application\/pdf\" style=\"width:100%;height:600px\" aria-label=\"Incorporamento PDF\"><\/object><\/div>\n\n\n\n<p><strong>Silk Experience \u2013 Mostra e percorsi tra le filande da Caraglio a Cuneo.<\/strong><\/p>\n\n\n\n<p><strong>Un viaggio immersivo nella seta<\/strong><\/p>\n\n\n\n<p>Nel 2025 Tacafile presenta un progetto che incluse percorsi sul territorio lungo la via della seta e una grande mostra dedicata alla seta nella chiesa sconsacrata dei Santi Pietro e Paolo di Caraglio, recentemente restaurata. Un luogo straordinario \u2013 il pi\u00f9 antico del paese, con campanile romanico e affreschi quattrocenteschi \u2013 che si riapre al pubblico guidato\u2026 da un filo di seta.<\/p>\n\n\n\n<p>Il progetto nasce dall\u2019esperienza de <strong>La Via Verde della Seta nel Cuneese<\/strong> e dalla precedente mostra Seta, realizzata a Biella: un patrimonio di contatti, archivi e materiali che oggi permette di offrire un percorso <strong>inedito e completo<\/strong>, articolato in <strong>quattro esperienze sensoriali<\/strong>, autonome ma intrecciate tra loro.<\/p>\n\n\n\n<hr class=\"wp-block-separator has-alpha-channel-opacity\"\/>\n\n\n\n<p><strong>\ud83d\udd39<\/strong><strong> Percorso espositivo \u2013 La storia della seta<\/strong><\/p>\n\n\n\n<p>All\u2019interno della chiesa si raccontano:<\/p>\n\n\n\n<ul class=\"wp-block-list\">\n<li>i bachi, le filande e il lavoro delle filandere<\/li>\n\n\n\n<li>le produzioni dal filo all\u2019alta moda con materiali dagli archivi delle pi\u00f9 grandi realt\u00e0 seriche italiane<\/li>\n\n\n\n<li>i rapporti storici tra Piemonte e Giappone<\/li>\n<\/ul>\n\n\n\n<p>Attraverso documenti, fotografie e oggetti d\u2019archivio, il visitatore compie un viaggio nelle <strong>geografie della seta<\/strong> tra passato e presente.<\/p>\n\n\n\n<hr class=\"wp-block-separator has-alpha-channel-opacity\"\/>\n\n\n\n<p><strong>\ud83d\udd39<\/strong><strong> Percorso turistico \u2013 La Via Verde della Seta<\/strong><\/p>\n\n\n\n<p>La mostra invita a proseguire il cammino all\u2019esterno, visitando le <strong>filande storiche tra Racconigi, Cuneo, Busca, Boves, Verzuolo e Caraglio<\/strong>, narrate sia dai pannelli posti in loco sia dal sito raggiungibile con il QR code.<\/p>\n\n\n\n<p>Il tragitto diventa occasione per scoprire paesaggio, natura e\u2026 <strong>enogastronomia locale<\/strong>. Al Bioparco Acquaviva si potranno pure ammirare gli antichi gelsi.<\/p>\n\n\n\n<hr class=\"wp-block-separator has-alpha-channel-opacity\"\/>\n\n\n\n<p><strong>\ud83d\udd39<\/strong><strong> Percorso artistico&nbsp;&nbsp;<\/strong><\/p>\n\n\n\n<p>L\u2019artista biellese <strong>Michela Cavagna<\/strong> ha realizzato installazioni tessili site specific \u2013 <em>Blue Forest<\/em> e <strong><em>Question of matter<\/em><\/strong><em> &#8211; Over time a mulberry leaf becomes silk<\/em> \u2013 che raccontano trasformazione e ciclicit\u00e0 del tessile. I materiali sono scarti di industrie tessili. Completano la sezione un filmato del 1937 sulla lavorazione della seta e una performance teatrale sulle filandere.<\/p>\n\n\n\n<hr class=\"wp-block-separator has-alpha-channel-opacity\"\/>\n\n\n\n<p><strong>\ud83d\udd39<\/strong><strong> Percorso sostenibile e tattile<\/strong><\/p>\n\n\n\n<p>Qui il pubblico \u00e8 invitato a <strong>toccare con mano<\/strong> fibre e tessuti grazie ai materiali forniti da Lanificio Piacenza, Filati Buratti e dall\u2019associazione <em>Di filo in filo<\/em>.<\/p>\n\n\n\n<ul class=\"wp-block-list\">\n<li>bozzoli lasciati sfarfallare poi trasformati in bigiotteria<\/li>\n\n\n\n<li>sete tinte con colori naturali (progetto Monica Biamonti)<\/li>\n\n\n\n<li>prove tattili, olfattive e sonore: ogni materiale \u201csuona\u201d in modo diverso<\/li>\n<\/ul>\n\n\n\n<p>Un\u2019esperienza per grandi e piccoli che unisce meraviglia e consapevolezza.<\/p>\n\n\n\n<hr class=\"wp-block-separator has-alpha-channel-opacity\"\/>\n\n\n\n<p><strong>\ud83d\udd39<\/strong><strong> Evento finale \u2013 La seta e la sostenibilit\u00e0 oggi<\/strong><\/p>\n\n\n\n<p>La mostra si concluder\u00e0 con un <strong>incontro pubblico sul tema della sostenibilit\u00e0 dei tessuti<\/strong>, organizzato con l\u2019associazione <em>Di filo in filo<\/em> e aziende partner del settore moda. Dal caso storico della <strong>Bemberg e del Lago d\u2019Orta<\/strong> fino al problema attuale del fast fashion e della sicurezza sul lavoro, si rifletter\u00e0 su come conciliare produzione, etica e riciclo.<\/p>\n\n\n\n<p>Perch\u00e9 la seta non \u00e8 solo storia: <strong>\u00e8 una lezione per il presente e per il futuro<\/strong>.<\/p>\n\n\n\n<div class=\"wp-block-buttons is-content-justification-center is-layout-flex wp-container-core-buttons-is-layout-16018d1d wp-block-buttons-is-layout-flex\">\n<div class=\"wp-block-button\"><a class=\"wp-block-button__link wp-element-button\" href=\"https:\/\/www.tacafile.it\/wp\/index.php\/silk-experience-approfondimento\/\">clicca qui per saperne di pi\u00f9<\/a><\/div>\n<\/div>\n\n\n<div class=\"n2-section-smartslider fitvidsignore  n2_clear\" data-ssid=\"3\"><div class=\"n2-ss-margin\" style=\"margin: 10px 10px 10px 10px;\"><div id=\"n2-ss-3-align\" class=\"n2-ss-align\"><div class=\"n2-padding\"><div id=\"n2-ss-3\" data-creator=\"Smart Slider 3\" data-responsive=\"auto\" class=\"n2-ss-slider n2-ow n2-has-hover n2notransition  \"><div class=\"n2-ss-slider-wrapper-inside\">\n        <div class=\"n2-ss-slider-1 n2_ss__touch_element n2-ow\">\n            <div class=\"n2-ss-slider-2 n2-ow\">\n                                                <div class=\"n2-ss-slider-3 n2-ow\">\n\n                    <div class=\"n2-ss-slide-backgrounds n2-ow-all\"><div class=\"n2-ss-slide-background\" data-public-id=\"1\" data-mode=\"fill\"><div class=\"n2-ss-slide-background-image\" data-blur=\"0\" data-opacity=\"100\" data-x=\"50\" data-y=\"50\" data-alt=\"\" data-title=\"\"><picture class=\"skip-lazy\" data-skip-lazy=\"1\"><img decoding=\"async\" src=\"\/\/www.tacafile.it\/wp\/wp-content\/uploads\/2025\/10\/Immagine-WhatsApp-2025-09-23-ore-18.07.46_bbc46de9.jpg\" alt=\"\" title=\"\" loading=\"lazy\" class=\"skip-lazy\" data-skip-lazy=\"1\"><\/picture><\/div><div data-color=\"RGBA(255,255,255,0)\" style=\"background-color: RGBA(255,255,255,0);\" class=\"n2-ss-slide-background-color\"><\/div><\/div><div class=\"n2-ss-slide-background\" data-public-id=\"2\" data-mode=\"fill\"><div class=\"n2-ss-slide-background-image\" data-blur=\"0\" data-opacity=\"100\" data-x=\"50\" data-y=\"50\" data-alt=\"\" data-title=\"\"><picture class=\"skip-lazy\" data-skip-lazy=\"1\"><img decoding=\"async\" src=\"\/\/www.tacafile.it\/wp\/wp-content\/uploads\/2025\/10\/Immagine-WhatsApp-2025-09-26-ore-20.28.38_4f18d949.jpg\" alt=\"\" title=\"\" loading=\"lazy\" class=\"skip-lazy\" data-skip-lazy=\"1\"><\/picture><\/div><div data-color=\"RGBA(255,255,255,0)\" style=\"background-color: RGBA(255,255,255,0);\" class=\"n2-ss-slide-background-color\"><\/div><\/div><div class=\"n2-ss-slide-background\" data-public-id=\"3\" data-mode=\"fill\"><div class=\"n2-ss-slide-background-image\" data-blur=\"0\" data-opacity=\"100\" data-x=\"50\" data-y=\"50\" data-alt=\"\" data-title=\"\"><picture class=\"skip-lazy\" data-skip-lazy=\"1\"><img decoding=\"async\" src=\"\/\/www.tacafile.it\/wp\/wp-content\/uploads\/2025\/10\/Immagine-WhatsApp-2025-09-26-ore-21.20.18_9a8dd275.jpg\" alt=\"\" title=\"\" loading=\"lazy\" class=\"skip-lazy\" data-skip-lazy=\"1\"><\/picture><\/div><div data-color=\"RGBA(255,255,255,0)\" style=\"background-color: RGBA(255,255,255,0);\" class=\"n2-ss-slide-background-color\"><\/div><\/div><div class=\"n2-ss-slide-background\" data-public-id=\"4\" data-mode=\"fill\"><div class=\"n2-ss-slide-background-image\" data-blur=\"0\" data-opacity=\"100\" data-x=\"50\" data-y=\"50\" data-alt=\"\" data-title=\"\"><picture class=\"skip-lazy\" data-skip-lazy=\"1\"><img decoding=\"async\" src=\"\/\/www.tacafile.it\/wp\/wp-content\/uploads\/2025\/10\/Immagine-WhatsApp-2025-09-26-ore-23.17.22_6a163a3d.jpg\" alt=\"\" title=\"\" loading=\"lazy\" class=\"skip-lazy\" data-skip-lazy=\"1\"><\/picture><\/div><div data-color=\"RGBA(255,255,255,0)\" style=\"background-color: RGBA(255,255,255,0);\" class=\"n2-ss-slide-background-color\"><\/div><\/div><\/div>                    <div class=\"n2-ss-slider-4 n2-ow\">\n                        <svg xmlns=\"http:\/\/www.w3.org\/2000\/svg\" viewBox=\"0 0 1200 600\" data-related-device=\"desktopPortrait\" class=\"n2-ow n2-ss-preserve-size n2-ss-preserve-size--slider n2-ss-slide-limiter\"><\/svg><div data-first=\"1\" data-slide-duration=\"0\" data-id=\"13\" data-slide-public-id=\"1\" data-title=\"Immagine WhatsApp 2025-09-23 ore 18.07.46_bbc46de9\" class=\"n2-ss-slide n2-ow  n2-ss-slide-13\"><div role=\"note\" class=\"n2-ss-slide--focus\" tabindex=\"-1\">Immagine WhatsApp 2025-09-23 ore 18.07.46_bbc46de9<\/div><div class=\"n2-ss-layers-container n2-ss-slide-limiter n2-ow\"><div class=\"n2-ss-layer n2-ow n-uc-oIFqFFAU2iUI\" data-sstype=\"slide\" data-pm=\"default\"><\/div><\/div><\/div><div data-slide-duration=\"0\" data-id=\"14\" data-slide-public-id=\"2\" data-title=\"Immagine WhatsApp 2025-09-26 ore 20.28.38_4f18d949\" class=\"n2-ss-slide n2-ow  n2-ss-slide-14\"><div role=\"note\" class=\"n2-ss-slide--focus\" tabindex=\"-1\">Immagine WhatsApp 2025-09-26 ore 20.28.38_4f18d949<\/div><div class=\"n2-ss-layers-container n2-ss-slide-limiter n2-ow\"><div class=\"n2-ss-layer n2-ow n-uc-fOVUFlsDGI9a\" data-sstype=\"slide\" data-pm=\"default\"><\/div><\/div><\/div><div data-slide-duration=\"0\" data-id=\"15\" data-slide-public-id=\"3\" data-title=\"Immagine WhatsApp 2025-09-26 ore 21.20.18_9a8dd275\" class=\"n2-ss-slide n2-ow  n2-ss-slide-15\"><div role=\"note\" class=\"n2-ss-slide--focus\" tabindex=\"-1\">Immagine WhatsApp 2025-09-26 ore 21.20.18_9a8dd275<\/div><div class=\"n2-ss-layers-container n2-ss-slide-limiter n2-ow\"><div class=\"n2-ss-layer n2-ow n-uc-a9zTYP3KT6dR\" data-sstype=\"slide\" data-pm=\"default\"><\/div><\/div><\/div><div data-slide-duration=\"0\" data-id=\"16\" data-slide-public-id=\"4\" data-title=\"Immagine WhatsApp 2025-09-26 ore 23.17.22_6a163a3d\" class=\"n2-ss-slide n2-ow  n2-ss-slide-16\"><div role=\"note\" class=\"n2-ss-slide--focus\" tabindex=\"-1\">Immagine WhatsApp 2025-09-26 ore 23.17.22_6a163a3d<\/div><div class=\"n2-ss-layers-container n2-ss-slide-limiter n2-ow\"><div class=\"n2-ss-layer n2-ow n-uc-PWtQsjH7MiyS\" data-sstype=\"slide\" data-pm=\"default\"><\/div><\/div><\/div>                    <\/div>\n\n                                    <\/div>\n            <\/div>\n        <\/div>\n        <div class=\"n2-ss-slider-controls n2-ss-slider-controls-absolute-left-center\"><div style=\"--widget-offset:15px;\" class=\"n2-ss-widget nextend-arrow n2-ow-all nextend-arrow-previous  nextend-arrow-animated-fade\" data-hide-mobileportrait=\"1\" id=\"n2-ss-3-arrow-previous\" role=\"button\" aria-label=\"previous arrow\" tabindex=\"0\"><img loading=\"lazy\" decoding=\"async\" width=\"32\" height=\"32\" class=\"skip-lazy\" data-skip-lazy=\"1\" src=\"data:image\/svg+xml;base64,PHN2ZyB3aWR0aD0iMzIiIGhlaWdodD0iMzIiIHZpZXdCb3g9IjAgMCAzMiAzMiIgeG1sbnM9Imh0dHA6Ly93d3cudzMub3JnLzIwMDAvc3ZnIj4KICAgIDxwYXRoIGQ9Ik0xMS40MzMgMTUuOTkyTDIyLjY5IDUuNzEyYy4zOTMtLjM5LjM5My0xLjAzIDAtMS40Mi0uMzkzLS4zOS0xLjAzLS4zOS0xLjQyMyAwbC0xMS45OCAxMC45NGMtLjIxLjIxLS4zLjQ5LS4yODUuNzYtLjAxNS4yOC4wNzUuNTYuMjg0Ljc3bDExLjk4IDEwLjk0Yy4zOTMuMzkgMS4wMy4zOSAxLjQyNCAwIC4zOTMtLjQuMzkzLTEuMDMgMC0xLjQybC0xMS4yNTctMTAuMjkiCiAgICAgICAgICBmaWxsPSIjZmZmZmZmIiBvcGFjaXR5PSIwLjgiIGZpbGwtcnVsZT0iZXZlbm9kZCIvPgo8L3N2Zz4=\" alt=\"previous arrow\"><\/div><\/div><div class=\"n2-ss-slider-controls n2-ss-slider-controls-absolute-right-center\"><div style=\"--widget-offset:15px;\" class=\"n2-ss-widget nextend-arrow n2-ow-all nextend-arrow-next  nextend-arrow-animated-fade\" data-hide-mobileportrait=\"1\" id=\"n2-ss-3-arrow-next\" role=\"button\" aria-label=\"next arrow\" tabindex=\"0\"><img loading=\"lazy\" decoding=\"async\" width=\"32\" height=\"32\" class=\"skip-lazy\" data-skip-lazy=\"1\" src=\"data:image\/svg+xml;base64,PHN2ZyB3aWR0aD0iMzIiIGhlaWdodD0iMzIiIHZpZXdCb3g9IjAgMCAzMiAzMiIgeG1sbnM9Imh0dHA6Ly93d3cudzMub3JnLzIwMDAvc3ZnIj4KICAgIDxwYXRoIGQ9Ik0xMC43MjIgNC4yOTNjLS4zOTQtLjM5LTEuMDMyLS4zOS0xLjQyNyAwLS4zOTMuMzktLjM5MyAxLjAzIDAgMS40MmwxMS4yODMgMTAuMjgtMTEuMjgzIDEwLjI5Yy0uMzkzLjM5LS4zOTMgMS4wMiAwIDEuNDIuMzk1LjM5IDEuMDMzLjM5IDEuNDI3IDBsMTIuMDA3LTEwLjk0Yy4yMS0uMjEuMy0uNDkuMjg0LS43Ny4wMTQtLjI3LS4wNzYtLjU1LS4yODYtLjc2TDEwLjcyIDQuMjkzeiIKICAgICAgICAgIGZpbGw9IiNmZmZmZmYiIG9wYWNpdHk9IjAuOCIgZmlsbC1ydWxlPSJldmVub2RkIi8+Cjwvc3ZnPg==\" alt=\"next arrow\"><\/div><\/div><\/div><\/div><ss3-loader><\/ss3-loader><\/div><\/div><div class=\"n2_clear\"><\/div><\/div><\/div>","protected":false},"excerpt":{"rendered":"<p>Mostra: Silk Experience: archivi, storia, arte e sostenibilit\u00e0 in movimento&nbsp; Ascoltalo invece di leggere: Silk Experience \u2013 Mostra e percorsi tra le filande da Caraglio a Cuneo. Un viaggio immersivo nella seta Nel 2025 Tacafile presenta un progetto che incluse percorsi sul territorio lungo la via della seta e una grande mostra dedicata alla seta [&hellip;]<\/p>\n","protected":false},"author":1,"featured_media":57,"parent":0,"menu_order":0,"comment_status":"closed","ping_status":"closed","template":"templates\/template-cover.php","meta":{"footnotes":""},"class_list":["post-346","page","type-page","status-publish","has-post-thumbnail","hentry"],"_links":{"self":[{"href":"https:\/\/www.tacafile.it\/wp\/index.php?rest_route=\/wp\/v2\/pages\/346","targetHints":{"allow":["GET"]}}],"collection":[{"href":"https:\/\/www.tacafile.it\/wp\/index.php?rest_route=\/wp\/v2\/pages"}],"about":[{"href":"https:\/\/www.tacafile.it\/wp\/index.php?rest_route=\/wp\/v2\/types\/page"}],"author":[{"embeddable":true,"href":"https:\/\/www.tacafile.it\/wp\/index.php?rest_route=\/wp\/v2\/users\/1"}],"replies":[{"embeddable":true,"href":"https:\/\/www.tacafile.it\/wp\/index.php?rest_route=%2Fwp%2Fv2%2Fcomments&post=346"}],"version-history":[{"count":5,"href":"https:\/\/www.tacafile.it\/wp\/index.php?rest_route=\/wp\/v2\/pages\/346\/revisions"}],"predecessor-version":[{"id":373,"href":"https:\/\/www.tacafile.it\/wp\/index.php?rest_route=\/wp\/v2\/pages\/346\/revisions\/373"}],"wp:featuredmedia":[{"embeddable":true,"href":"https:\/\/www.tacafile.it\/wp\/index.php?rest_route=\/wp\/v2\/media\/57"}],"wp:attachment":[{"href":"https:\/\/www.tacafile.it\/wp\/index.php?rest_route=%2Fwp%2Fv2%2Fmedia&parent=346"}],"curies":[{"name":"wp","href":"https:\/\/api.w.org\/{rel}","templated":true}]}}